{"id":423,"date":"2020-10-26T12:10:25","date_gmt":"2020-10-26T12:10:25","guid":{"rendered":"http:\/\/amwerk.bold-themes.com\/berlin\/?page_id=423"},"modified":"2020-10-26T12:10:25","modified_gmt":"2020-10-26T12:10:25","slug":"cart","status":"publish","type":"page","link":"https:\/\/quantumpak.us\/es\/shop\/cart\/","title":{"rendered":"Cart"},"content":{"rendered":"<section id=\"bt_bb_section69e092ecf0896\" class=\"bt_bb_section bt_bb_layout_wide bt_bb_vertical_align_top bt_bb_top_spacing_medium bt_bb_bottom_spacing_medium\"  data-bt-override-class=\"null\"><div class=\"bt_bb_port\"><div class=\"bt_bb_cell\"><div class=\"bt_bb_cell_inner\"><div class=\"bt_bb_row \"  data-bt-override-class=\"{}\"><div class=\"bt_bb_row_holder\" ><div  class=\"bt_bb_column col-xxl-12 col-xl-12 bt_bb_vertical_align_top bt_bb_align_left bt_bb_padding_normal\" style=\"; --column-width:12;\" data-width=\"12\" data-bt-override-class=\"{}\"><div class=\"bt_bb_column_content\"><div class=\"bt_bb_column_content_inner\"><div  class=\"bt_bb_text\" >[woocommerce_cart][\/woocommerce_cart]<\/div><\/div><\/div><\/div><\/div><\/div><\/div><!-- cell_inner --><\/div><!-- cell --><\/div><!-- port --><\/section>\n","protected":false},"excerpt":{"rendered":"<p>Sinergizar completamente las relaciones que demandan recursos a trav\u00e9s de nichos de mercado de primer nivel. Cultivar profesionalmente un servicio al cliente personalizado con ideas s\u00f3lidas. Innovar din\u00e1micamente el servicio al cliente optimizando recursos para ofrecer un servicio al cliente de vanguardia.<\/p>","protected":false},"author":2,"featured_media":585,"parent":409,"menu_order":0,"comment_status":"closed","ping_status":"closed","template":"","meta":{"footnotes":""},"class_list":["post-423","page","type-page","status-publish","has-post-thumbnail","hentry"],"yoast_head":"<!-- This site is optimized with the Yoast SEO plugin v27.4 - https:\/\/yoast.com\/product\/yoast-seo-wordpress\/ -->\n<title>Cart - QuantumPak<\/title>\n<meta name=\"robots\" content=\"index, follow, max-snippet:-1, max-image-preview:large, max-video-preview:-1\" \/>\n<link rel=\"canonical\" href=\"https:\/\/quantumpak.us\/es\/shop\/cart\/\" \/>\n<meta property=\"og:locale\" content=\"es_ES\" \/>\n<meta property=\"og:type\" content=\"article\" \/>\n<meta property=\"og:title\" content=\"Cart - QuantumPak\" \/>\n<meta property=\"og:description\" content=\"Completely synergize resource taxing relationships via premier niche markets. Professionally cultivate one-to-one customer service with robust ideas. Dynamically innovate resource-leveling customer service for state of the art customer service.\" \/>\n<meta property=\"og:url\" content=\"https:\/\/quantumpak.us\/es\/shop\/cart\/\" \/>\n<meta property=\"og:site_name\" content=\"QuantumPak\" \/>\n<meta property=\"og:image\" content=\"https:\/\/quantumpak.us\/wp-content\/uploads\/2020\/10\/post_12.jpg\" \/>\n\t<meta property=\"og:image:width\" content=\"2500\" \/>\n\t<meta property=\"og:image:height\" content=\"1667\" \/>\n\t<meta property=\"og:image:type\" content=\"image\/jpeg\" \/>\n<meta name=\"twitter:card\" content=\"summary_large_image\" \/>\n<script type=\"application\/ld+json\" class=\"yoast-schema-graph\">{\"@context\":\"https:\\\/\\\/schema.org\",\"@graph\":[{\"@type\":\"WebPage\",\"@id\":\"https:\\\/\\\/quantumpak.us\\\/shop\\\/cart\\\/\",\"url\":\"https:\\\/\\\/quantumpak.us\\\/shop\\\/cart\\\/\",\"name\":\"Cart - QuantumPak\",\"isPartOf\":{\"@id\":\"https:\\\/\\\/quantumpak.us\\\/es\\\/#website\"},\"primaryImageOfPage\":{\"@id\":\"https:\\\/\\\/quantumpak.us\\\/shop\\\/cart\\\/#primaryimage\"},\"image\":{\"@id\":\"https:\\\/\\\/quantumpak.us\\\/shop\\\/cart\\\/#primaryimage\"},\"thumbnailUrl\":\"https:\\\/\\\/quantumpak.us\\\/wp-content\\\/uploads\\\/2020\\\/10\\\/post_12.jpg\",\"datePublished\":\"2020-10-26T12:10:25+00:00\",\"breadcrumb\":{\"@id\":\"https:\\\/\\\/quantumpak.us\\\/shop\\\/cart\\\/#breadcrumb\"},\"inLanguage\":\"es\",\"potentialAction\":[{\"@type\":\"ReadAction\",\"target\":[\"https:\\\/\\\/quantumpak.us\\\/shop\\\/cart\\\/\"]}]},{\"@type\":\"ImageObject\",\"inLanguage\":\"es\",\"@id\":\"https:\\\/\\\/quantumpak.us\\\/shop\\\/cart\\\/#primaryimage\",\"url\":\"https:\\\/\\\/quantumpak.us\\\/wp-content\\\/uploads\\\/2020\\\/10\\\/post_12.jpg\",\"contentUrl\":\"https:\\\/\\\/quantumpak.us\\\/wp-content\\\/uploads\\\/2020\\\/10\\\/post_12.jpg\",\"width\":2500,\"height\":1667},{\"@type\":\"BreadcrumbList\",\"@id\":\"https:\\\/\\\/quantumpak.us\\\/shop\\\/cart\\\/#breadcrumb\",\"itemListElement\":[{\"@type\":\"ListItem\",\"position\":1,\"name\":\"Home\",\"item\":\"https:\\\/\\\/quantumpak.us\\\/\"},{\"@type\":\"ListItem\",\"position\":2,\"name\":\"Shop\",\"item\":\"https:\\\/\\\/quantumpak.us\\\/?page_id=409\"},{\"@type\":\"ListItem\",\"position\":3,\"name\":\"Cart\"}]},{\"@type\":\"WebSite\",\"@id\":\"https:\\\/\\\/quantumpak.us\\\/es\\\/#website\",\"url\":\"https:\\\/\\\/quantumpak.us\\\/es\\\/\",\"name\":\"QuantumPak\",\"description\":\"Quality Bag Sealing Machinery\",\"potentialAction\":[{\"@type\":\"SearchAction\",\"target\":{\"@type\":\"EntryPoint\",\"urlTemplate\":\"https:\\\/\\\/quantumpak.us\\\/es\\\/?s={search_term_string}\"},\"query-input\":{\"@type\":\"PropertyValueSpecification\",\"valueRequired\":true,\"valueName\":\"search_term_string\"}}],\"inLanguage\":\"es\"}]}<\/script>\n<!-- \/ Yoast SEO plugin. -->","yoast_head_json":{"title":"Cart - QuantumPak","robots":{"index":"index","follow":"follow","max-snippet":"max-snippet:-1","max-image-preview":"max-image-preview:large","max-video-preview":"max-video-preview:-1"},"canonical":"https:\/\/quantumpak.us\/es\/shop\/cart\/","og_locale":"es_ES","og_type":"article","og_title":"Cart - QuantumPak","og_description":"Completely synergize resource taxing relationships via premier niche markets. Professionally cultivate one-to-one customer service with robust ideas. Dynamically innovate resource-leveling customer service for state of the art customer service.","og_url":"https:\/\/quantumpak.us\/es\/shop\/cart\/","og_site_name":"QuantumPak","og_image":[{"width":2500,"height":1667,"url":"https:\/\/quantumpak.us\/wp-content\/uploads\/2020\/10\/post_12.jpg","type":"image\/jpeg"}],"twitter_card":"summary_large_image","schema":{"@context":"https:\/\/schema.org","@graph":[{"@type":"WebPage","@id":"https:\/\/quantumpak.us\/shop\/cart\/","url":"https:\/\/quantumpak.us\/shop\/cart\/","name":"Cart - QuantumPak","isPartOf":{"@id":"https:\/\/quantumpak.us\/es\/#website"},"primaryImageOfPage":{"@id":"https:\/\/quantumpak.us\/shop\/cart\/#primaryimage"},"image":{"@id":"https:\/\/quantumpak.us\/shop\/cart\/#primaryimage"},"thumbnailUrl":"https:\/\/quantumpak.us\/wp-content\/uploads\/2020\/10\/post_12.jpg","datePublished":"2020-10-26T12:10:25+00:00","breadcrumb":{"@id":"https:\/\/quantumpak.us\/shop\/cart\/#breadcrumb"},"inLanguage":"es","potentialAction":[{"@type":"ReadAction","target":["https:\/\/quantumpak.us\/shop\/cart\/"]}]},{"@type":"ImageObject","inLanguage":"es","@id":"https:\/\/quantumpak.us\/shop\/cart\/#primaryimage","url":"https:\/\/quantumpak.us\/wp-content\/uploads\/2020\/10\/post_12.jpg","contentUrl":"https:\/\/quantumpak.us\/wp-content\/uploads\/2020\/10\/post_12.jpg","width":2500,"height":1667},{"@type":"BreadcrumbList","@id":"https:\/\/quantumpak.us\/shop\/cart\/#breadcrumb","itemListElement":[{"@type":"ListItem","position":1,"name":"Home","item":"https:\/\/quantumpak.us\/"},{"@type":"ListItem","position":2,"name":"Shop","item":"https:\/\/quantumpak.us\/?page_id=409"},{"@type":"ListItem","position":3,"name":"Cart"}]},{"@type":"WebSite","@id":"https:\/\/quantumpak.us\/es\/#website","url":"https:\/\/quantumpak.us\/es\/","name":"QuantumPak","description":"Quality Bag Sealing Machinery","potentialAction":[{"@type":"SearchAction","target":{"@type":"EntryPoint","urlTemplate":"https:\/\/quantumpak.us\/es\/?s={search_term_string}"},"query-input":{"@type":"PropertyValueSpecification","valueRequired":true,"valueName":"search_term_string"}}],"inLanguage":"es"}]}},"_links":{"self":[{"href":"https:\/\/quantumpak.us\/es\/wp-json\/wp\/v2\/pages\/423","targetHints":{"allow":["GET"]}}],"collection":[{"href":"https:\/\/quantumpak.us\/es\/wp-json\/wp\/v2\/pages"}],"about":[{"href":"https:\/\/quantumpak.us\/es\/wp-json\/wp\/v2\/types\/page"}],"author":[{"embeddable":true,"href":"https:\/\/quantumpak.us\/es\/wp-json\/wp\/v2\/users\/2"}],"replies":[{"embeddable":true,"href":"https:\/\/quantumpak.us\/es\/wp-json\/wp\/v2\/comments?post=423"}],"version-history":[{"count":0,"href":"https:\/\/quantumpak.us\/es\/wp-json\/wp\/v2\/pages\/423\/revisions"}],"up":[{"embeddable":true,"href":"https:\/\/quantumpak.us\/es\/wp-json\/wp\/v2\/pages\/409"}],"wp:featuredmedia":[{"embeddable":true,"href":"https:\/\/quantumpak.us\/es\/wp-json\/wp\/v2\/media\/585"}],"wp:attachment":[{"href":"https:\/\/quantumpak.us\/es\/wp-json\/wp\/v2\/media?parent=423"}],"curies":[{"name":"wp","href":"https:\/\/api.w.org\/{rel}","templated":true}]}}