{"id":2932,"date":"2024-06-12T11:34:32","date_gmt":"2024-06-12T16:34:32","guid":{"rendered":"https:\/\/quantumpak.us\/?page_id=2932"},"modified":"2024-06-12T11:37:51","modified_gmt":"2024-06-12T16:37:51","slug":"shipping-and-delivery","status":"publish","type":"page","link":"https:\/\/quantumpak.us\/es\/shipping-and-delivery\/","title":{"rendered":"Env\u00edo y Entrega"},"content":{"rendered":"<p><section data-bb-version=\"5.0.0\" id=\"bt_bb_section69e0840da972e\" class=\"bt_bb_section bt_bb_layout_wide bt_bb_vertical_align_top bt_bb_background_overlay_light_gradient bt_bb_top_spacing_large bt_bb_bottom_spacing_50 bt_bb_negative_margin_ bt_bb_animation_fade_in zoom_in animate\" style=\"background-position:right top;background-size:contain;\" data-bt-override-class=\"{&quot;bt_bb_top_spacing_&quot;:{&quot;current_class&quot;:&quot;bt_bb_top_spacing_large&quot;,&quot;def&quot;:&quot;large&quot;},&quot;bt_bb_bottom_spacing_&quot;:{&quot;current_class&quot;:&quot;bt_bb_bottom_spacing_50&quot;,&quot;def&quot;:&quot;50&quot;},&quot;bt_bb_negative_margin_&quot;:{&quot;current_class&quot;:&quot;bt_bb_negative_margin_&quot;,&quot;def&quot;:&quot;&quot;}}\"><div class=\"bt_bb_background_image_holder_wrapper\"><div class=\"bt_bb_background_image_holder btLazyLoadBackground\"  data-background_image_src=\"https:\/\/quantumpak.us\/wp-content\/uploads\/2024\/06\/quantumpak_header_shipping_1920x400.jpg\" data-parallax-zoom-start=\"1\" data-parallax-zoom-end=\"1\" data-parallax-blur-start=\"0\" data-parallax-blur-end=\"0\" data-parallax-opacity-start=\"1\" data-parallax-opacity-end=\"1\" style=\" background-image: url(&#039;https:\/\/quantumpak.us\/wp-content\/plugins\/bold-page-builder\/img\/blank.gif&#039;);\"><\/div><\/div><div class=\"bt_bb_port\"><div class=\"bt_bb_cell\"><div class=\"bt_bb_cell_inner\"><div class=\"bt_bb_row\"  data-bt-override-class=\"{}\"><div class=\"bt_bb_row_holder\" ><div data-bb-version=\"4.9.8\"  class=\"bt_bb_column col-xxl-12 col-xl-12 col-xs-12 col-sm-12 col-md-12 col-lg-12 bt_bb_vertical_align_top bt_bb_align_center bt_bb_padding_normal bt_bb_animation_fade_in zoom_out animate\" style=\"; --column-width:12;\" data-width=\"12\" data-bt-override-class=\"{&quot;bt_bb_align_&quot;:{&quot;current_class&quot;:&quot;bt_bb_align_center&quot;,&quot;def&quot;:&quot;center&quot;},&quot;bt_bb_padding_&quot;:{&quot;current_class&quot;:&quot;bt_bb_padding_normal&quot;,&quot;def&quot;:&quot;normal&quot;}}\"><div class=\"bt_bb_column_content\"><div class=\"bt_bb_column_content_inner\"><div data-bb-version=\"4.9.8\" class=\"bt_bb_separator bt_bb_border_style_none bt_bb_top_spacing_30 bt_bb_bottom_spacing_none\" data-bt-override-class=\"{&quot;bt_bb_top_spacing_&quot;:{&quot;current_class&quot;:&quot;bt_bb_top_spacing_30&quot;,&quot;def&quot;:&quot;30&quot;},&quot;bt_bb_bottom_spacing_&quot;:{&quot;current_class&quot;:&quot;bt_bb_bottom_spacing_none&quot;,&quot;def&quot;:&quot;none&quot;}}\"><\/div><header data-bb-version=\"5.0.0\" class=\"bt_bb_headline bt_bb_dash_top bt_bb_size_large bt_bb_align_inherit\" data-bt-override-class=\"{&quot;bt_bb_size_&quot;:{&quot;current_class&quot;:&quot;bt_bb_size_large&quot;,&quot;def&quot;:&quot;large&quot;},&quot;bt_bb_align_&quot;:{&quot;current_class&quot;:&quot;bt_bb_align_inherit&quot;,&quot;def&quot;:&quot;inherit&quot;}}\"><h3><span class=\"bt_bb_headline_content\"><span>Env\u00edo y Entrega<span class=\"bt_bb_outline_text bt_bb_outline_text_align_center bt_bb_outline_text_size_200\"><span>industry standard<\/span><\/span><\/span><\/span><\/h3><\/header><\/div><\/div><\/div><\/div><\/div><\/div><!-- cell_inner --><\/div><!-- cell --><\/div><!-- port --><\/section><section data-bb-version=\"4.9.8\" id=\"bt_bb_section69e0840da9aa0\" class=\"bt_bb_section bt_bb_layout_boxed_1200 bt_bb_vertical_align_top bt_bb_top_spacing_10 bt_bb_bottom_spacing_10 bt_bb_negative_margin_\"  data-bt-override-class=\"{&quot;bt_bb_top_spacing_&quot;:{&quot;current_class&quot;:&quot;bt_bb_top_spacing_10&quot;,&quot;def&quot;:&quot;10&quot;},&quot;bt_bb_bottom_spacing_&quot;:{&quot;current_class&quot;:&quot;bt_bb_bottom_spacing_10&quot;,&quot;def&quot;:&quot;10&quot;},&quot;bt_bb_negative_margin_&quot;:{&quot;current_class&quot;:&quot;bt_bb_negative_margin_&quot;,&quot;def&quot;:&quot;&quot;}}\"><div class=\"bt_bb_port\"><div class=\"bt_bb_cell\"><div class=\"bt_bb_cell_inner\"><div class=\"bt_bb_row\"  data-bt-override-class=\"{}\"><div class=\"bt_bb_row_holder\" ><div  class=\"bt_bb_column col-xxl-12 col-xl-12 col-xs-12 col-sm-12 col-md-12 col-lg-12 bt_bb_vertical_align_middle bt_bb_align_left bt_bb_padding_60 bt_bb_animation_fade_in zoom_out animate\" style=\"; --column-width:12;\" data-width=\"12\" data-bt-override-class=\"{}\"><div class=\"bt_bb_column_content\"><div class=\"bt_bb_column_content_inner\"><div data-bb-version=\"4.9.8\" class=\"bt_bb_separator bt_bb_border_style_none bt_bb_top_spacing_none bt_bb_bottom_spacing_40\" data-bt-override-class=\"{&quot;bt_bb_top_spacing_&quot;:{&quot;current_class&quot;:&quot;bt_bb_top_spacing_none&quot;,&quot;def&quot;:&quot;none&quot;},&quot;bt_bb_bottom_spacing_&quot;:{&quot;current_class&quot;:&quot;bt_bb_bottom_spacing_40&quot;,&quot;def&quot;:&quot;40&quot;}}\"><\/div><div data-bb-version=\"5.0.0\"  class=\"bt_bb_text\" ><\/p>\n<p><em>\u00daltima actualizaci\u00f3n: 12 de junio de 2024<\/em><\/p>\n<h4>Env\u00edo<\/h4>\n<p>El cronograma de env\u00edo cotizado se basa en las condiciones del factor a la fecha de esta Propuesta y est\u00e1 sujeto a que el Comprador proporcione toda la informaci\u00f3n t\u00e9cnica requerida a la Compa\u00f1\u00eda cuando sea necesario.<\/p>\n<p>&nbsp;<\/p>\n<h4>Retrasos<\/h4>\n<p>Si la compa\u00f1\u00eda sufre un retraso en el cumplimiento debido a cualquier causa fuera de su control, como caso fortuito, guerra, acto del Gobierno, acto del Comprador, prioridades o asignaciones, incendio, inundaci\u00f3n, huelga o problemas laborales, sabotaje, retraso en la obtenci\u00f3n de mano de obra, materiales, equipos o transporte, el tiempo de cumplimiento se extender\u00e1 por un per\u00edodo igual al per\u00edodo del retraso y sus consecuencias. En el caso de que la finalizaci\u00f3n de este contrato se retrase debido a una Emergencia Nacional, efecto directo o indirecto de guerra, Orden Ejecutiva de la Ley de Producci\u00f3n de Defensa de 1950 (o leyes y regulaciones sucesoras o de implementaci\u00f3n), o por un acto de Autoridad Civil o Militar, o por un acto del Comprador, el cumplimiento aqu\u00ed establecido se reanudar\u00e1 cuando se elimine la causa de dicho retraso, el precio y la pol\u00edtica de precios y el cronograma de entrega de la Compa\u00f1\u00eda vigentes en ese momento se aplicar\u00e1n a cualquier equipo o material del contrato y a cualquier trabajo de instalaci\u00f3n no realizado (sin exceder, sin embargo, cualquier l\u00edmite de precio legal vigente al momento del env\u00edo), a menos que, dentro de los treinta (30) d\u00edas posteriores a la notificaci\u00f3n de la Compa\u00f1\u00eda del precio y la pol\u00edtica de precios y el calendario de entrega aplicables, el Comprador opte por cancelar el contrato y as\u00ed lo notifique por escrito a la Compa\u00f1\u00eda, en cuyo caso el Comprador deber\u00e1 pagar cargos de cancelaci\u00f3n razonables y apropiados a la Compa\u00f1\u00eda.<\/p>\n<p>&nbsp;<\/p>\n<h4>Entregas<\/h4>\n<p>Las entregas cotizadas son la mejor estimaci\u00f3n de la Compa\u00f1\u00eda al momento de la cotizaci\u00f3n. Pueden variar debido a una afluencia de pedidos, demoras de proveedores, huelgas, actos de la naturaleza u otras causas fuera del control de la Compa\u00f1\u00eda. La Compa\u00f1\u00eda har\u00e1 todos los esfuerzos razonables para cumplir o superar la entrega cotizada. La Compa\u00f1\u00eda no ser\u00e1 responsable de ning\u00fan gasto o cargo debido a la entrega tard\u00eda por cualquier motivo. La entrega se considera cuando las mercanc\u00edas son entregadas a la empresa de transporte. Las entregas normalmente se cotizan A.R.O. (despu\u00e9s de la recepci\u00f3n de los planos aprobados), lo que significa planos de aprobaci\u00f3n firmados sin cambios recibidos en la Compa\u00f1\u00eda. Todos los pedidos est\u00e1n programados para enviarse durante una semana en particular. La Compa\u00f1\u00eda no estar\u00e1 obligada a enviar en un d\u00eda en particular.<\/p>\n<p>\n<\/div><div data-bb-version=\"4.9.8\" class=\"bt_bb_separator bt_bb_border_style_none bt_bb_top_spacing_none bt_bb_bottom_spacing_40\" data-bt-override-class=\"{&quot;bt_bb_top_spacing_&quot;:{&quot;current_class&quot;:&quot;bt_bb_top_spacing_none&quot;,&quot;def&quot;:&quot;none&quot;},&quot;bt_bb_bottom_spacing_&quot;:{&quot;current_class&quot;:&quot;bt_bb_bottom_spacing_40&quot;,&quot;def&quot;:&quot;40&quot;}}\"><\/div><\/div><\/div><\/div><\/div><\/div><\/div><!-- cell_inner --><\/div><!-- cell --><\/div><!-- port --><\/section><\/p>","protected":false},"excerpt":{"rendered":"<p>Quickly aggregate B2B users and worldwide potentialities. Progressively plagiarize resource-leveling e-commerce through resource-leveling core competencies. Dramatically mesh low-risk high-yield alignments before transparent e-tailers.<\/p>","protected":false},"author":1,"featured_media":0,"parent":0,"menu_order":0,"comment_status":"closed","ping_status":"closed","template":"","meta":{"footnotes":""},"class_list":["post-2932","page","type-page","status-publish","hentry"],"yoast_head":"<!-- This site is optimized with the Yoast SEO plugin v27.4 - https:\/\/yoast.com\/product\/yoast-seo-wordpress\/ -->\n<title>Shipping and Delivery - QuantumPak<\/title>\n<meta name=\"robots\" content=\"index, follow, max-snippet:-1, max-image-preview:large, max-video-preview:-1\" \/>\n<link rel=\"canonical\" href=\"https:\/\/quantumpak.us\/es\/shipping-and-delivery\/\" \/>\n<meta property=\"og:locale\" content=\"es_ES\" \/>\n<meta property=\"og:type\" content=\"article\" \/>\n<meta property=\"og:title\" content=\"Shipping and Delivery - QuantumPak\" \/>\n<meta property=\"og:description\" content=\"Quickly aggregate B2B users and worldwide potentialities. Progressively plagiarize resource-leveling e-commerce through resource-leveling core competencies. Dramatically mesh low-risk high-yield alignments before transparent e-tailers.\" \/>\n<meta property=\"og:url\" content=\"https:\/\/quantumpak.us\/es\/shipping-and-delivery\/\" \/>\n<meta property=\"og:site_name\" content=\"QuantumPak\" \/>\n<meta property=\"article:modified_time\" content=\"2024-06-12T16:37:51+00:00\" \/>\n<meta name=\"twitter:card\" content=\"summary_large_image\" \/>\n<meta name=\"twitter:label1\" content=\"Tiempo de lectura\" \/>\n\t<meta name=\"twitter:data1\" content=\"5 minutos\" \/>\n<script type=\"application\/ld+json\" class=\"yoast-schema-graph\">{\"@context\":\"https:\\\/\\\/schema.org\",\"@graph\":[{\"@type\":\"WebPage\",\"@id\":\"https:\\\/\\\/quantumpak.us\\\/shipping-and-delivery\\\/\",\"url\":\"https:\\\/\\\/quantumpak.us\\\/shipping-and-delivery\\\/\",\"name\":\"Shipping and Delivery - QuantumPak\",\"isPartOf\":{\"@id\":\"https:\\\/\\\/quantumpak.us\\\/es\\\/#website\"},\"datePublished\":\"2024-06-12T16:34:32+00:00\",\"dateModified\":\"2024-06-12T16:37:51+00:00\",\"breadcrumb\":{\"@id\":\"https:\\\/\\\/quantumpak.us\\\/shipping-and-delivery\\\/#breadcrumb\"},\"inLanguage\":\"es\",\"potentialAction\":[{\"@type\":\"ReadAction\",\"target\":[\"https:\\\/\\\/quantumpak.us\\\/shipping-and-delivery\\\/\"]}]},{\"@type\":\"BreadcrumbList\",\"@id\":\"https:\\\/\\\/quantumpak.us\\\/shipping-and-delivery\\\/#breadcrumb\",\"itemListElement\":[{\"@type\":\"ListItem\",\"position\":1,\"name\":\"Home\",\"item\":\"https:\\\/\\\/quantumpak.us\\\/\"},{\"@type\":\"ListItem\",\"position\":2,\"name\":\"Shipping and Delivery\"}]},{\"@type\":\"WebSite\",\"@id\":\"https:\\\/\\\/quantumpak.us\\\/es\\\/#website\",\"url\":\"https:\\\/\\\/quantumpak.us\\\/es\\\/\",\"name\":\"QuantumPak\",\"description\":\"Quality Bag Sealing Machinery\",\"potentialAction\":[{\"@type\":\"SearchAction\",\"target\":{\"@type\":\"EntryPoint\",\"urlTemplate\":\"https:\\\/\\\/quantumpak.us\\\/es\\\/?s={search_term_string}\"},\"query-input\":{\"@type\":\"PropertyValueSpecification\",\"valueRequired\":true,\"valueName\":\"search_term_string\"}}],\"inLanguage\":\"es\"}]}<\/script>\n<!-- \/ Yoast SEO plugin. -->","yoast_head_json":{"title":"Shipping and Delivery - QuantumPak","robots":{"index":"index","follow":"follow","max-snippet":"max-snippet:-1","max-image-preview":"max-image-preview:large","max-video-preview":"max-video-preview:-1"},"canonical":"https:\/\/quantumpak.us\/es\/shipping-and-delivery\/","og_locale":"es_ES","og_type":"article","og_title":"Shipping and Delivery - QuantumPak","og_description":"Quickly aggregate B2B users and worldwide potentialities. Progressively plagiarize resource-leveling e-commerce through resource-leveling core competencies. Dramatically mesh low-risk high-yield alignments before transparent e-tailers.","og_url":"https:\/\/quantumpak.us\/es\/shipping-and-delivery\/","og_site_name":"QuantumPak","article_modified_time":"2024-06-12T16:37:51+00:00","twitter_card":"summary_large_image","twitter_misc":{"Tiempo de lectura":"5 minutos"},"schema":{"@context":"https:\/\/schema.org","@graph":[{"@type":"WebPage","@id":"https:\/\/quantumpak.us\/shipping-and-delivery\/","url":"https:\/\/quantumpak.us\/shipping-and-delivery\/","name":"Shipping and Delivery - QuantumPak","isPartOf":{"@id":"https:\/\/quantumpak.us\/es\/#website"},"datePublished":"2024-06-12T16:34:32+00:00","dateModified":"2024-06-12T16:37:51+00:00","breadcrumb":{"@id":"https:\/\/quantumpak.us\/shipping-and-delivery\/#breadcrumb"},"inLanguage":"es","potentialAction":[{"@type":"ReadAction","target":["https:\/\/quantumpak.us\/shipping-and-delivery\/"]}]},{"@type":"BreadcrumbList","@id":"https:\/\/quantumpak.us\/shipping-and-delivery\/#breadcrumb","itemListElement":[{"@type":"ListItem","position":1,"name":"Home","item":"https:\/\/quantumpak.us\/"},{"@type":"ListItem","position":2,"name":"Shipping and Delivery"}]},{"@type":"WebSite","@id":"https:\/\/quantumpak.us\/es\/#website","url":"https:\/\/quantumpak.us\/es\/","name":"QuantumPak","description":"Quality Bag Sealing Machinery","potentialAction":[{"@type":"SearchAction","target":{"@type":"EntryPoint","urlTemplate":"https:\/\/quantumpak.us\/es\/?s={search_term_string}"},"query-input":{"@type":"PropertyValueSpecification","valueRequired":true,"valueName":"search_term_string"}}],"inLanguage":"es"}]}},"_links":{"self":[{"href":"https:\/\/quantumpak.us\/es\/wp-json\/wp\/v2\/pages\/2932","targetHints":{"allow":["GET"]}}],"collection":[{"href":"https:\/\/quantumpak.us\/es\/wp-json\/wp\/v2\/pages"}],"about":[{"href":"https:\/\/quantumpak.us\/es\/wp-json\/wp\/v2\/types\/page"}],"author":[{"embeddable":true,"href":"https:\/\/quantumpak.us\/es\/wp-json\/wp\/v2\/users\/1"}],"replies":[{"embeddable":true,"href":"https:\/\/quantumpak.us\/es\/wp-json\/wp\/v2\/comments?post=2932"}],"version-history":[{"count":3,"href":"https:\/\/quantumpak.us\/es\/wp-json\/wp\/v2\/pages\/2932\/revisions"}],"predecessor-version":[{"id":2936,"href":"https:\/\/quantumpak.us\/es\/wp-json\/wp\/v2\/pages\/2932\/revisions\/2936"}],"wp:attachment":[{"href":"https:\/\/quantumpak.us\/es\/wp-json\/wp\/v2\/media?parent=2932"}],"curies":[{"name":"wp","href":"https:\/\/api.w.org\/{rel}","templated":true}]}}