{"id":2912,"date":"2024-06-11T12:38:52","date_gmt":"2024-06-11T17:38:52","guid":{"rendered":"https:\/\/quantumpak.us\/?page_id=2912"},"modified":"2024-06-14T09:58:07","modified_gmt":"2024-06-14T14:58:07","slug":"legal","status":"publish","type":"page","link":"https:\/\/quantumpak.us\/es\/legal\/","title":{"rendered":"Legales"},"content":{"rendered":"<p><section data-bb-version=\"5.0.0\" id=\"bt_bb_section69f8ae584005f\" class=\"bt_bb_section bt_bb_layout_wide bt_bb_vertical_align_top bt_bb_background_overlay_light_gradient bt_bb_top_spacing_large bt_bb_bottom_spacing_50 bt_bb_negative_margin_ bt_bb_animation_fade_in zoom_in animate\" style=\"background-position:right top;background-size:contain;\" data-bt-override-class=\"{&quot;bt_bb_top_spacing_&quot;:{&quot;current_class&quot;:&quot;bt_bb_top_spacing_large&quot;,&quot;def&quot;:&quot;large&quot;},&quot;bt_bb_bottom_spacing_&quot;:{&quot;current_class&quot;:&quot;bt_bb_bottom_spacing_50&quot;,&quot;def&quot;:&quot;50&quot;},&quot;bt_bb_negative_margin_&quot;:{&quot;current_class&quot;:&quot;bt_bb_negative_margin_&quot;,&quot;def&quot;:&quot;&quot;}}\"><div class=\"bt_bb_background_image_holder_wrapper\"><div class=\"bt_bb_background_image_holder btLazyLoadBackground\"  data-background_image_src=\"https:\/\/quantumpak.us\/wp-content\/uploads\/2024\/06\/quantumpak_header_legal_1920x400.jpg\" data-parallax-zoom-start=\"1\" data-parallax-zoom-end=\"1\" data-parallax-blur-start=\"0\" data-parallax-blur-end=\"0\" data-parallax-opacity-start=\"1\" data-parallax-opacity-end=\"1\" style=\" background-image: url(&#039;https:\/\/quantumpak.us\/wp-content\/plugins\/bold-page-builder\/img\/blank.gif&#039;);\"><\/div><\/div><div class=\"bt_bb_port\"><div class=\"bt_bb_cell\"><div class=\"bt_bb_cell_inner\"><div class=\"bt_bb_row\"  data-bt-override-class=\"{}\"><div class=\"bt_bb_row_holder\" ><div data-bb-version=\"4.9.8\"  class=\"bt_bb_column col-xxl-12 col-xl-12 col-xs-12 col-sm-12 col-md-12 col-lg-12 bt_bb_vertical_align_top bt_bb_align_center bt_bb_padding_normal bt_bb_animation_fade_in zoom_out animate\" style=\"; --column-width:12;\" data-width=\"12\" data-bt-override-class=\"{&quot;bt_bb_align_&quot;:{&quot;current_class&quot;:&quot;bt_bb_align_center&quot;,&quot;def&quot;:&quot;center&quot;},&quot;bt_bb_padding_&quot;:{&quot;current_class&quot;:&quot;bt_bb_padding_normal&quot;,&quot;def&quot;:&quot;normal&quot;}}\"><div class=\"bt_bb_column_content\"><div class=\"bt_bb_column_content_inner\"><div data-bb-version=\"4.9.8\" class=\"bt_bb_separator bt_bb_border_style_none bt_bb_top_spacing_30 bt_bb_bottom_spacing_none\" data-bt-override-class=\"{&quot;bt_bb_top_spacing_&quot;:{&quot;current_class&quot;:&quot;bt_bb_top_spacing_30&quot;,&quot;def&quot;:&quot;30&quot;},&quot;bt_bb_bottom_spacing_&quot;:{&quot;current_class&quot;:&quot;bt_bb_bottom_spacing_none&quot;,&quot;def&quot;:&quot;none&quot;}}\"><\/div><header data-bb-version=\"5.0.0\" class=\"bt_bb_headline bt_bb_dash_top bt_bb_size_large bt_bb_align_inherit\" data-bt-override-class=\"{&quot;bt_bb_size_&quot;:{&quot;current_class&quot;:&quot;bt_bb_size_large&quot;,&quot;def&quot;:&quot;large&quot;},&quot;bt_bb_align_&quot;:{&quot;current_class&quot;:&quot;bt_bb_align_inherit&quot;,&quot;def&quot;:&quot;inherit&quot;}}\"><h3><span class=\"bt_bb_headline_content\"><span>Legales<span class=\"bt_bb_outline_text bt_bb_outline_text_align_center bt_bb_outline_text_size_300\"><span>T\u00e9rminos<\/span><\/span><\/span><\/span><\/h3><\/header><\/div><\/div><\/div><\/div><\/div><\/div><!-- cell_inner --><\/div><!-- cell --><\/div><!-- port --><\/section><section data-bb-version=\"4.9.8\" id=\"bt_bb_section69f8ae5840add\" class=\"bt_bb_section bt_bb_layout_boxed_1200 bt_bb_vertical_align_top bt_bb_top_spacing_10 bt_bb_bottom_spacing_10 bt_bb_negative_margin_\"  data-bt-override-class=\"{&quot;bt_bb_top_spacing_&quot;:{&quot;current_class&quot;:&quot;bt_bb_top_spacing_10&quot;,&quot;def&quot;:&quot;10&quot;},&quot;bt_bb_bottom_spacing_&quot;:{&quot;current_class&quot;:&quot;bt_bb_bottom_spacing_10&quot;,&quot;def&quot;:&quot;10&quot;},&quot;bt_bb_negative_margin_&quot;:{&quot;current_class&quot;:&quot;bt_bb_negative_margin_&quot;,&quot;def&quot;:&quot;&quot;}}\"><div class=\"bt_bb_port\"><div class=\"bt_bb_cell\"><div class=\"bt_bb_cell_inner\"><div class=\"bt_bb_row\"  data-bt-override-class=\"{}\"><div class=\"bt_bb_row_holder\" ><div  class=\"bt_bb_column col-xxl-12 col-xl-12 col-xs-12 col-sm-12 col-md-12 col-lg-12 bt_bb_vertical_align_middle bt_bb_align_left bt_bb_padding_60 bt_bb_animation_fade_in zoom_out animate\" style=\"; --column-width:12;\" data-width=\"12\" data-bt-override-class=\"{}\"><div class=\"bt_bb_column_content\"><div class=\"bt_bb_column_content_inner\"><div data-bb-version=\"4.9.8\" class=\"bt_bb_separator bt_bb_border_style_none bt_bb_top_spacing_none bt_bb_bottom_spacing_40\" data-bt-override-class=\"{&quot;bt_bb_top_spacing_&quot;:{&quot;current_class&quot;:&quot;bt_bb_top_spacing_none&quot;,&quot;def&quot;:&quot;none&quot;},&quot;bt_bb_bottom_spacing_&quot;:{&quot;current_class&quot;:&quot;bt_bb_bottom_spacing_40&quot;,&quot;def&quot;:&quot;40&quot;}}\"><\/div><div data-bb-version=\"5.0.0\"  class=\"bt_bb_text\" ><\/p>\n<p>\u00daltima actualizaci\u00f3n: 11 de Junio de 2024<\/p>\n<p>&nbsp;<\/p>\n<h4>General<\/h4>\n<p>La Compa\u00f1\u00eda no ser\u00e1 responsable en ning\u00fan caso por da\u00f1os indirectos, especiales, consecuentes o liquidados, ni por penalidades. La instalaci\u00f3n o montaje del equipo o la supervisi\u00f3n de estos por parte de la Compa\u00f1\u00eda, si as\u00ed lo especifica o solicita el Comprador, se regir\u00e1 por las Condiciones Est\u00e1ndar de Montaje e Instalaci\u00f3n de la Compa\u00f1\u00eda.<\/p>\n<p>Esta propuesta y cualquier anexo que forme parte de ella, cuando sea aceptada por el Comprador y aprobada por la Compa\u00f1\u00eda, seg\u00fan lo especificado, constituyen el contrato completo relacionado con el equipo. El contrato no se modificar\u00e1 ni cancelar\u00e1 excepto por mutuo acuerdo por escrito, firmado por el comprador y aprobado por escrito por un funcionario ejecutivo de la Compa\u00f1\u00eda. El contrato es transferible \u00fanicamente con el consentimiento por escrito de la Compa\u00f1\u00eda.<\/p>\n<p>Al firmar una propuesta de QuantumPak, el cliente reconoce y acepta que la propuesta firmada constituye un <strong>pedido vinculante<\/strong>. Si el cliente desea cancelar un pedido, ser\u00e1 responsable de todos los gastos incurridos por QuantumPak en relaci\u00f3n con ese pedido. Esto incluye, pero no se limita a, costos de materiales, mano de obra y cualquier p\u00e9rdida de ganancias. El cliente tambi\u00e9n acepta compensar a QuantumPak por cualquier costo adicional que resulte de la cancelaci\u00f3n.<\/p>\n<p>&nbsp;<\/p>\n<h4>T\u00e9rminos de Pago<\/h4>\n<p>A menos que se especifiquen otros t\u00e9rminos, los pagos prorrateados se har\u00e1n efectivos a medida que se realicen los env\u00edos. Si el env\u00edo se retrasa por parte del Comprador, la fecha de preparaci\u00f3n para el env\u00edo se considerar\u00e1 como la fecha de env\u00edo para fines de pago. Si la fabricaci\u00f3n se retrasa por parte del Comprador, se realizar\u00e1 un pago basado en el precio de compra y el porcentaje de finalizaci\u00f3n, y el saldo se pagar\u00e1 de acuerdo con los t\u00e9rminos establecidos. El equipo retenido para el Comprador estar\u00e1 bajo el riesgo y gasto del Comprador. Si, a juicio de la Compa\u00f1\u00eda, la situaci\u00f3n financiera del Comprador en cualquier momento no justifica la continuaci\u00f3n de la fabricaci\u00f3n o el env\u00edo, la Compa\u00f1\u00eda podr\u00e1 exigir el pago total o parcial por adelantado o, si ya se ha realizado el env\u00edo, recuperar el equipo del transportista o del Comprador.<\/p>\n<p>&nbsp;<\/p>\n<h4>T\u00edtulo y Seguro<\/h4>\n<p>El t\u00edtulo y el derecho de posesi\u00f3n del equipo o de cualquier reemplazo permanecer\u00e1n en poder de la Compa\u00f1\u00eda, independientemente del modo de sujeci\u00f3n a bienes inmuebles u otros bienes hasta que se haya pagado el precio total (incluidos los pagos diferidos y cualquier nota, renovaci\u00f3n o extensi\u00f3n) en efectivo. El Comprador acepta realizar todos los actos necesarios para perfeccionar y mantener dicho t\u00edtulo y derecho en la Compa\u00f1\u00eda. Al momento del env\u00edo de cualquiera de los equipos, todo riesgo de p\u00e9rdida o da\u00f1o pasar\u00e1 al Comprador, y el Comprador deber\u00e1 obtener y mantener para el beneficio de la Compa\u00f1\u00eda y del Comprador, seg\u00fan sus intereses, un seguro adecuado para el equipo contra da\u00f1os por incendio u otro siniestro.<\/p>\n<p>&nbsp;<\/p>\n<h4>Impuestos<\/h4>\n<p>El Comprador acepta asumir todos los impuestos sobre ventas, uso u otros impuestos decretados por las autoridades federales, estatales o locales seg\u00fan sea necesario.<\/p>\n<p>&nbsp;<\/p>\n<h4>Sustituciones<\/h4>\n<p>La Compa\u00f1\u00eda se reserva el derecho de realizar sustituciones o revisiones en especificaciones o proveedores para agilizar la entrega, siempre que el cambio no afecte el funcionamiento del equipo.<\/p>\n<p>&nbsp;<\/p>\n<h4>Reclamos<\/h4>\n<p>Las reclamaciones por faltantes en el env\u00edo, ocultos o de otro tipo, no ser\u00e1n aceptadas por la Compa\u00f1\u00eda, a menos que se nos informen dentro de los 60 d\u00edas a partir de la fecha de env\u00edo. Los env\u00edos son normalmente F.O.B. cami\u00f3n, punto de env\u00edo, y por lo tanto viajan bajo el riesgo del Comprador. Cualquier reclamaci\u00f3n por da\u00f1os debe ser presentada por el Comprador al transportista que realiza la entrega.<\/p>\n<p>&nbsp;<\/p>\n<h4>Cancelaci\u00f3n o Suspensi\u00f3n<\/h4>\n<p>La cancelaci\u00f3n o suspensi\u00f3n de pedidos solo podr\u00e1 realizarse con nuestra aprobaci\u00f3n por escrito y en condiciones que nos indemnicen contra todas las p\u00e9rdidas.<\/p>\n<p>\n<\/div><div data-bb-version=\"4.9.8\" class=\"bt_bb_separator bt_bb_border_style_none bt_bb_top_spacing_none bt_bb_bottom_spacing_40\" data-bt-override-class=\"{&quot;bt_bb_top_spacing_&quot;:{&quot;current_class&quot;:&quot;bt_bb_top_spacing_none&quot;,&quot;def&quot;:&quot;none&quot;},&quot;bt_bb_bottom_spacing_&quot;:{&quot;current_class&quot;:&quot;bt_bb_bottom_spacing_40&quot;,&quot;def&quot;:&quot;40&quot;}}\"><\/div><\/div><\/div><\/div><\/div><\/div><\/div><!-- cell_inner --><\/div><!-- cell --><\/div><!-- port --><\/section><\/p>","protected":false},"excerpt":{"rendered":"<p>Quickly aggregate B2B users and worldwide potentialities. Progressively plagiarize resource-leveling e-commerce through resource-leveling core competencies. Dramatically mesh low-risk high-yield alignments before transparent e-tailers.<\/p>","protected":false},"author":1,"featured_media":0,"parent":0,"menu_order":0,"comment_status":"closed","ping_status":"closed","template":"","meta":{"footnotes":""},"class_list":["post-2912","page","type-page","status-publish","hentry"],"yoast_head":"<!-- This site is optimized with the Yoast SEO plugin v27.5 - https:\/\/yoast.com\/product\/yoast-seo-wordpress\/ -->\n<title>Legal - QuantumPak<\/title>\n<meta name=\"robots\" content=\"index, follow, max-snippet:-1, max-image-preview:large, max-video-preview:-1\" \/>\n<link rel=\"canonical\" href=\"https:\/\/quantumpak.us\/es\/legal\/\" \/>\n<meta property=\"og:locale\" content=\"es_ES\" \/>\n<meta property=\"og:type\" content=\"article\" \/>\n<meta property=\"og:title\" content=\"Legal - QuantumPak\" \/>\n<meta property=\"og:description\" content=\"Quickly aggregate B2B users and worldwide potentialities. Progressively plagiarize resource-leveling e-commerce through resource-leveling core competencies. Dramatically mesh low-risk high-yield alignments before transparent e-tailers.\" \/>\n<meta property=\"og:url\" content=\"https:\/\/quantumpak.us\/es\/legal\/\" \/>\n<meta property=\"og:site_name\" content=\"QuantumPak\" \/>\n<meta property=\"article:modified_time\" content=\"2024-06-14T14:58:07+00:00\" \/>\n<meta name=\"twitter:card\" content=\"summary_large_image\" \/>\n<meta name=\"twitter:label1\" content=\"Tiempo de lectura\" \/>\n\t<meta name=\"twitter:data1\" content=\"6 minutos\" \/>\n<script type=\"application\/ld+json\" class=\"yoast-schema-graph\">{\"@context\":\"https:\\\/\\\/schema.org\",\"@graph\":[{\"@type\":\"WebPage\",\"@id\":\"https:\\\/\\\/quantumpak.us\\\/legal\\\/\",\"url\":\"https:\\\/\\\/quantumpak.us\\\/legal\\\/\",\"name\":\"Legal - QuantumPak\",\"isPartOf\":{\"@id\":\"https:\\\/\\\/quantumpak.us\\\/es\\\/#website\"},\"datePublished\":\"2024-06-11T17:38:52+00:00\",\"dateModified\":\"2024-06-14T14:58:07+00:00\",\"breadcrumb\":{\"@id\":\"https:\\\/\\\/quantumpak.us\\\/legal\\\/#breadcrumb\"},\"inLanguage\":\"es\",\"potentialAction\":[{\"@type\":\"ReadAction\",\"target\":[\"https:\\\/\\\/quantumpak.us\\\/legal\\\/\"]}]},{\"@type\":\"BreadcrumbList\",\"@id\":\"https:\\\/\\\/quantumpak.us\\\/legal\\\/#breadcrumb\",\"itemListElement\":[{\"@type\":\"ListItem\",\"position\":1,\"name\":\"Home\",\"item\":\"https:\\\/\\\/quantumpak.us\\\/\"},{\"@type\":\"ListItem\",\"position\":2,\"name\":\"Legal\"}]},{\"@type\":\"WebSite\",\"@id\":\"https:\\\/\\\/quantumpak.us\\\/es\\\/#website\",\"url\":\"https:\\\/\\\/quantumpak.us\\\/es\\\/\",\"name\":\"QuantumPak\",\"description\":\"Quality Bag Sealing Machinery\",\"potentialAction\":[{\"@type\":\"SearchAction\",\"target\":{\"@type\":\"EntryPoint\",\"urlTemplate\":\"https:\\\/\\\/quantumpak.us\\\/es\\\/?s={search_term_string}\"},\"query-input\":{\"@type\":\"PropertyValueSpecification\",\"valueRequired\":true,\"valueName\":\"search_term_string\"}}],\"inLanguage\":\"es\"}]}<\/script>\n<!-- \/ Yoast SEO plugin. -->","yoast_head_json":{"title":"Legal - QuantumPak","robots":{"index":"index","follow":"follow","max-snippet":"max-snippet:-1","max-image-preview":"max-image-preview:large","max-video-preview":"max-video-preview:-1"},"canonical":"https:\/\/quantumpak.us\/es\/legal\/","og_locale":"es_ES","og_type":"article","og_title":"Legal - QuantumPak","og_description":"Quickly aggregate B2B users and worldwide potentialities. Progressively plagiarize resource-leveling e-commerce through resource-leveling core competencies. Dramatically mesh low-risk high-yield alignments before transparent e-tailers.","og_url":"https:\/\/quantumpak.us\/es\/legal\/","og_site_name":"QuantumPak","article_modified_time":"2024-06-14T14:58:07+00:00","twitter_card":"summary_large_image","twitter_misc":{"Tiempo de lectura":"6 minutos"},"schema":{"@context":"https:\/\/schema.org","@graph":[{"@type":"WebPage","@id":"https:\/\/quantumpak.us\/legal\/","url":"https:\/\/quantumpak.us\/legal\/","name":"Legal - QuantumPak","isPartOf":{"@id":"https:\/\/quantumpak.us\/es\/#website"},"datePublished":"2024-06-11T17:38:52+00:00","dateModified":"2024-06-14T14:58:07+00:00","breadcrumb":{"@id":"https:\/\/quantumpak.us\/legal\/#breadcrumb"},"inLanguage":"es","potentialAction":[{"@type":"ReadAction","target":["https:\/\/quantumpak.us\/legal\/"]}]},{"@type":"BreadcrumbList","@id":"https:\/\/quantumpak.us\/legal\/#breadcrumb","itemListElement":[{"@type":"ListItem","position":1,"name":"Home","item":"https:\/\/quantumpak.us\/"},{"@type":"ListItem","position":2,"name":"Legal"}]},{"@type":"WebSite","@id":"https:\/\/quantumpak.us\/es\/#website","url":"https:\/\/quantumpak.us\/es\/","name":"QuantumPak","description":"Quality Bag Sealing Machinery","potentialAction":[{"@type":"SearchAction","target":{"@type":"EntryPoint","urlTemplate":"https:\/\/quantumpak.us\/es\/?s={search_term_string}"},"query-input":{"@type":"PropertyValueSpecification","valueRequired":true,"valueName":"search_term_string"}}],"inLanguage":"es"}]}},"_links":{"self":[{"href":"https:\/\/quantumpak.us\/es\/wp-json\/wp\/v2\/pages\/2912","targetHints":{"allow":["GET"]}}],"collection":[{"href":"https:\/\/quantumpak.us\/es\/wp-json\/wp\/v2\/pages"}],"about":[{"href":"https:\/\/quantumpak.us\/es\/wp-json\/wp\/v2\/types\/page"}],"author":[{"embeddable":true,"href":"https:\/\/quantumpak.us\/es\/wp-json\/wp\/v2\/users\/1"}],"replies":[{"embeddable":true,"href":"https:\/\/quantumpak.us\/es\/wp-json\/wp\/v2\/comments?post=2912"}],"version-history":[{"count":10,"href":"https:\/\/quantumpak.us\/es\/wp-json\/wp\/v2\/pages\/2912\/revisions"}],"predecessor-version":[{"id":2948,"href":"https:\/\/quantumpak.us\/es\/wp-json\/wp\/v2\/pages\/2912\/revisions\/2948"}],"wp:attachment":[{"href":"https:\/\/quantumpak.us\/es\/wp-json\/wp\/v2\/media?parent=2912"}],"curies":[{"name":"wp","href":"https:\/\/api.w.org\/{rel}","templated":true}]}}