{"id":2851,"date":"2024-06-07T10:54:13","date_gmt":"2024-06-07T15:54:13","guid":{"rendered":"https:\/\/quantumpak.us\/?page_id=2851"},"modified":"2024-06-11T12:33:56","modified_gmt":"2024-06-11T17:33:56","slug":"warranty","status":"publish","type":"page","link":"https:\/\/quantumpak.us\/es\/warranty\/","title":{"rendered":"Garant\u00eda"},"content":{"rendered":"<p><section data-bb-version=\"5.0.0\" id=\"bt_bb_section69de434f9ea2c\" class=\"bt_bb_section bt_bb_layout_wide bt_bb_vertical_align_top bt_bb_background_overlay_light_gradient bt_bb_top_spacing_large bt_bb_bottom_spacing_50 bt_bb_negative_margin_ bt_bb_animation_fade_in zoom_in animate\" style=\"background-position:right top;background-size:contain;\" data-bt-override-class=\"{&quot;bt_bb_top_spacing_&quot;:{&quot;current_class&quot;:&quot;bt_bb_top_spacing_large&quot;,&quot;def&quot;:&quot;large&quot;},&quot;bt_bb_bottom_spacing_&quot;:{&quot;current_class&quot;:&quot;bt_bb_bottom_spacing_50&quot;,&quot;def&quot;:&quot;50&quot;},&quot;bt_bb_negative_margin_&quot;:{&quot;current_class&quot;:&quot;bt_bb_negative_margin_&quot;,&quot;def&quot;:&quot;&quot;}}\"><div class=\"bt_bb_background_image_holder_wrapper\"><div class=\"bt_bb_background_image_holder btLazyLoadBackground\"  data-background_image_src=\"https:\/\/quantumpak.us\/wp-content\/uploads\/2024\/06\/quantumpak_header_warranty_1920x400.jpg\" data-parallax-zoom-start=\"1\" data-parallax-zoom-end=\"1\" data-parallax-blur-start=\"0\" data-parallax-blur-end=\"0\" data-parallax-opacity-start=\"1\" data-parallax-opacity-end=\"1\" style=\" background-image: url(&#039;https:\/\/quantumpak.us\/wp-content\/plugins\/bold-page-builder\/img\/blank.gif&#039;);\"><\/div><\/div><div class=\"bt_bb_port\"><div class=\"bt_bb_cell\"><div class=\"bt_bb_cell_inner\"><div class=\"bt_bb_row\"  data-bt-override-class=\"{}\"><div class=\"bt_bb_row_holder\" ><div data-bb-version=\"4.9.8\"  class=\"bt_bb_column col-xxl-12 col-xl-12 col-xs-12 col-sm-12 col-md-12 col-lg-12 bt_bb_vertical_align_top bt_bb_align_center bt_bb_padding_normal bt_bb_animation_fade_in zoom_out animate\" style=\"; --column-width:12;\" data-width=\"12\" data-bt-override-class=\"{&quot;bt_bb_align_&quot;:{&quot;current_class&quot;:&quot;bt_bb_align_center&quot;,&quot;def&quot;:&quot;center&quot;},&quot;bt_bb_padding_&quot;:{&quot;current_class&quot;:&quot;bt_bb_padding_normal&quot;,&quot;def&quot;:&quot;normal&quot;}}\"><div class=\"bt_bb_column_content\"><div class=\"bt_bb_column_content_inner\"><div data-bb-version=\"4.9.8\" class=\"bt_bb_separator bt_bb_border_style_none bt_bb_top_spacing_30 bt_bb_bottom_spacing_none\" data-bt-override-class=\"{&quot;bt_bb_top_spacing_&quot;:{&quot;current_class&quot;:&quot;bt_bb_top_spacing_30&quot;,&quot;def&quot;:&quot;30&quot;},&quot;bt_bb_bottom_spacing_&quot;:{&quot;current_class&quot;:&quot;bt_bb_bottom_spacing_none&quot;,&quot;def&quot;:&quot;none&quot;}}\"><\/div><header data-bb-version=\"4.9.8\" class=\"bt_bb_headline bt_bb_dash_top bt_bb_size_large bt_bb_align_inherit\" data-bt-override-class=\"{&quot;bt_bb_size_&quot;:{&quot;current_class&quot;:&quot;bt_bb_size_large&quot;,&quot;def&quot;:&quot;large&quot;},&quot;bt_bb_align_&quot;:{&quot;current_class&quot;:&quot;bt_bb_align_inherit&quot;,&quot;def&quot;:&quot;inherit&quot;}}\"><h3><span class=\"bt_bb_headline_content\"><span>Garant\u00eda QuantumPak<span class=\"bt_bb_outline_text bt_bb_outline_text_align_center bt_bb_outline_text_size_300\"><span>best-in-industry<\/span><\/span><\/span><\/span><\/h3><\/header><\/div><\/div><\/div><\/div><\/div><\/div><!-- cell_inner --><\/div><!-- cell --><\/div><!-- port --><\/section><section data-bb-version=\"4.9.8\" id=\"bt_bb_section69de434f9efa2\" class=\"bt_bb_section bt_bb_layout_boxed_1200 bt_bb_vertical_align_top bt_bb_top_spacing_10 bt_bb_bottom_spacing_10 bt_bb_negative_margin_\"  data-bt-override-class=\"{&quot;bt_bb_top_spacing_&quot;:{&quot;current_class&quot;:&quot;bt_bb_top_spacing_10&quot;,&quot;def&quot;:&quot;10&quot;},&quot;bt_bb_bottom_spacing_&quot;:{&quot;current_class&quot;:&quot;bt_bb_bottom_spacing_10&quot;,&quot;def&quot;:&quot;10&quot;},&quot;bt_bb_negative_margin_&quot;:{&quot;current_class&quot;:&quot;bt_bb_negative_margin_&quot;,&quot;def&quot;:&quot;&quot;}}\"><div class=\"bt_bb_port\"><div class=\"bt_bb_cell\"><div class=\"bt_bb_cell_inner\"><div class=\"bt_bb_row\"  data-bt-override-class=\"{}\"><div class=\"bt_bb_row_holder\" ><div  class=\"bt_bb_column col-xxl-12 col-xl-12 col-xs-12 col-sm-12 col-md-12 col-lg-12 bt_bb_vertical_align_middle bt_bb_align_left bt_bb_padding_60 bt_bb_animation_fade_in zoom_out animate\" style=\"; --column-width:12;\" data-width=\"12\" data-bt-override-class=\"{}\"><div class=\"bt_bb_column_content\"><div class=\"bt_bb_column_content_inner\"><div data-bb-version=\"4.9.8\" class=\"bt_bb_separator bt_bb_border_style_none bt_bb_top_spacing_none bt_bb_bottom_spacing_40\" data-bt-override-class=\"{&quot;bt_bb_top_spacing_&quot;:{&quot;current_class&quot;:&quot;bt_bb_top_spacing_none&quot;,&quot;def&quot;:&quot;none&quot;},&quot;bt_bb_bottom_spacing_&quot;:{&quot;current_class&quot;:&quot;bt_bb_bottom_spacing_40&quot;,&quot;def&quot;:&quot;40&quot;}}\"><\/div><div data-bb-version=\"4.9.8\"  class=\"bt_bb_text\" ><\/p>\n<div class=\"bt_bb_text\">\n<p><em>\u00daltima actualizaci\u00f3n: Junio 06, 2024<\/em><\/p>\n<\/div>\n<div class=\"bt_bb_separator bt_bb_border_style_none bt_bb_top_spacing_10\" data-bt-override-class=\"null\"><\/div>\n<div class=\"bt_bb_separator bt_bb_border_style_none bt_bb_top_spacing_10\" data-bt-override-class=\"null\"><\/div>\n<div class=\"bt_bb_text\">\n<p class=\"p7 center\"><strong>(A)<\/strong>\u00a0El vendedor garantiza que el material y la mano de obra en el equipo fabricado por el vendedor estar\u00e1n libres de defectos en el momento del env\u00edo. Si durante los primeros\u00a0<strong>12 meses<\/strong>\u00a0despu\u00e9s del env\u00edo final, el comprador establece, a satisfacci\u00f3n del vendedor, que alguna parte o partes fabricadas por el vendedor estaban defectuosas cuando se enviaron, el vendedor, a su cargo, entregar\u00e1 (pero no instalar\u00e1) piezas de repuesto. La responsabilidad del vendedor bajo esta garant\u00eda se limita al suministro de dichas piezas de repuesto, y el vendedor no har\u00e1 ninguna compensaci\u00f3n por el trabajo correctivo realizado a menos que el vendedor lo acuerde por escrito posteriormente. El da\u00f1o o deterioro debido al desgaste y rotura extraordinarios (incluido, pero no limitado a, el uso del equipo para manipular productos de tama\u00f1os, pesos y formas, o a velocidades o m\u00e9todos diferentes de la informaci\u00f3n originalmente proporcionada), la acci\u00f3n qu\u00edmica o la lubricaci\u00f3n no constituir\u00e1n defectos.<\/p>\n<p class=\"p7\"><strong>(B)<\/strong>\u00a0El vendedor no ha realizado declaraciones, garant\u00edas o compromisos, expresas o impl\u00edcitas, que no se establezcan expresamente en el p\u00e1rrafo (a) anterior. En virtud de esto, el vendedor no ser\u00e1 responsable por da\u00f1os consecuentes o indirectos, incluido, pero no limitado a, da\u00f1os en la producci\u00f3n, aumento de costos operativos o deterioro de materiales.<\/p>\n<p class=\"p7\"><strong>(C)<\/strong>\u00a0Los componentes utilizados en la fabricaci\u00f3n de dicho equipo que fueron fabricados por terceros estar\u00e1n cubiertos por la garant\u00eda habitual de ese fabricante, la cual el vendedor obtendr\u00e1 para beneficio del comprador al recibirla.<\/p>\n<p class=\"p7\"><strong>(D)<\/strong>\u00a0El vendedor no otorga ninguna garant\u00eda de que el equipo y la instalaci\u00f3n de dicho equipo, una vez puestos en operaci\u00f3n y utilizados por el comprador, cumplan con las leyes nacionales, estatales y locales de salud y seguridad pertinentes, incluyendo, pero sin limitarse a, la Ley Federal de Seguridad y Salud Ocupacional (OSHA) y las regulaciones, normas y \u00f3rdenes emitidas conforme a dichas leyes. El comprador ser\u00e1 el \u00fanico responsable de cumplir con ello y de cualquier da\u00f1o, penalizaci\u00f3n o multa que surja por el incumplimiento; sin embargo, el vendedor cooperar\u00e1 con el comprador en el dise\u00f1o, fabricaci\u00f3n o compra de caracter\u00edsticas o dispositivos de seguridad que el comprador considere necesarios seg\u00fan la OSHA o cualquier otro estatuto, ordenanza o regulaci\u00f3n gubernamental. El precio al que se suministrar\u00e1 cualquier equipo o servicio futuro por parte del vendedor ser\u00e1 el de los precios est\u00e1ndar del vendedor vigentes en ese momento o el acordado entre el vendedor y el comprador.<\/p>\n<\/div>\n<p>\n<\/div><div data-bb-version=\"4.9.8\" class=\"bt_bb_separator bt_bb_border_style_none bt_bb_top_spacing_none bt_bb_bottom_spacing_40\" data-bt-override-class=\"{&quot;bt_bb_top_spacing_&quot;:{&quot;current_class&quot;:&quot;bt_bb_top_spacing_none&quot;,&quot;def&quot;:&quot;none&quot;},&quot;bt_bb_bottom_spacing_&quot;:{&quot;current_class&quot;:&quot;bt_bb_bottom_spacing_40&quot;,&quot;def&quot;:&quot;40&quot;}}\"><\/div><\/div><\/div><\/div><\/div><\/div><\/div><!-- cell_inner --><\/div><!-- cell --><\/div><!-- port --><\/section><\/p>","protected":false},"excerpt":{"rendered":"<p>Quickly aggregate B2B users and worldwide potentialities. Progressively plagiarize resource-leveling e-commerce through resource-leveling core competencies. Dramatically mesh low-risk high-yield alignments before transparent e-tailers.<\/p>","protected":false},"author":1,"featured_media":0,"parent":0,"menu_order":0,"comment_status":"closed","ping_status":"closed","template":"","meta":{"footnotes":""},"class_list":["post-2851","page","type-page","status-publish","hentry"],"yoast_head":"<!-- This site is optimized with the Yoast SEO plugin v27.3 - https:\/\/yoast.com\/product\/yoast-seo-wordpress\/ -->\n<title>Warranty - QuantumPak<\/title>\n<meta name=\"robots\" content=\"index, follow, max-snippet:-1, max-image-preview:large, max-video-preview:-1\" \/>\n<link rel=\"canonical\" href=\"https:\/\/quantumpak.us\/es\/warranty\/\" \/>\n<meta property=\"og:locale\" content=\"es_ES\" \/>\n<meta property=\"og:type\" content=\"article\" \/>\n<meta property=\"og:title\" content=\"Warranty - QuantumPak\" \/>\n<meta property=\"og:description\" content=\"Quickly aggregate B2B users and worldwide potentialities. Progressively plagiarize resource-leveling e-commerce through resource-leveling core competencies. Dramatically mesh low-risk high-yield alignments before transparent e-tailers.\" \/>\n<meta property=\"og:url\" content=\"https:\/\/quantumpak.us\/es\/warranty\/\" \/>\n<meta property=\"og:site_name\" content=\"QuantumPak\" \/>\n<meta property=\"article:modified_time\" content=\"2024-06-11T17:33:56+00:00\" \/>\n<meta name=\"twitter:card\" content=\"summary_large_image\" \/>\n<meta name=\"twitter:label1\" content=\"Tiempo de lectura\" \/>\n\t<meta name=\"twitter:data1\" content=\"5 minutos\" \/>\n<script type=\"application\/ld+json\" class=\"yoast-schema-graph\">{\"@context\":\"https:\\\/\\\/schema.org\",\"@graph\":[{\"@type\":\"WebPage\",\"@id\":\"https:\\\/\\\/quantumpak.us\\\/warranty\\\/\",\"url\":\"https:\\\/\\\/quantumpak.us\\\/warranty\\\/\",\"name\":\"Warranty - QuantumPak\",\"isPartOf\":{\"@id\":\"https:\\\/\\\/quantumpak.us\\\/es\\\/#website\"},\"datePublished\":\"2024-06-07T15:54:13+00:00\",\"dateModified\":\"2024-06-11T17:33:56+00:00\",\"breadcrumb\":{\"@id\":\"https:\\\/\\\/quantumpak.us\\\/warranty\\\/#breadcrumb\"},\"inLanguage\":\"es\",\"potentialAction\":[{\"@type\":\"ReadAction\",\"target\":[\"https:\\\/\\\/quantumpak.us\\\/warranty\\\/\"]}]},{\"@type\":\"BreadcrumbList\",\"@id\":\"https:\\\/\\\/quantumpak.us\\\/warranty\\\/#breadcrumb\",\"itemListElement\":[{\"@type\":\"ListItem\",\"position\":1,\"name\":\"Home\",\"item\":\"https:\\\/\\\/quantumpak.us\\\/\"},{\"@type\":\"ListItem\",\"position\":2,\"name\":\"Warranty\"}]},{\"@type\":\"WebSite\",\"@id\":\"https:\\\/\\\/quantumpak.us\\\/es\\\/#website\",\"url\":\"https:\\\/\\\/quantumpak.us\\\/es\\\/\",\"name\":\"QuantumPak\",\"description\":\"Quality Bag Sealing Machinery\",\"potentialAction\":[{\"@type\":\"SearchAction\",\"target\":{\"@type\":\"EntryPoint\",\"urlTemplate\":\"https:\\\/\\\/quantumpak.us\\\/es\\\/?s={search_term_string}\"},\"query-input\":{\"@type\":\"PropertyValueSpecification\",\"valueRequired\":true,\"valueName\":\"search_term_string\"}}],\"inLanguage\":\"es\"}]}<\/script>\n<!-- \/ Yoast SEO plugin. -->","yoast_head_json":{"title":"Warranty - QuantumPak","robots":{"index":"index","follow":"follow","max-snippet":"max-snippet:-1","max-image-preview":"max-image-preview:large","max-video-preview":"max-video-preview:-1"},"canonical":"https:\/\/quantumpak.us\/es\/warranty\/","og_locale":"es_ES","og_type":"article","og_title":"Warranty - QuantumPak","og_description":"Quickly aggregate B2B users and worldwide potentialities. Progressively plagiarize resource-leveling e-commerce through resource-leveling core competencies. Dramatically mesh low-risk high-yield alignments before transparent e-tailers.","og_url":"https:\/\/quantumpak.us\/es\/warranty\/","og_site_name":"QuantumPak","article_modified_time":"2024-06-11T17:33:56+00:00","twitter_card":"summary_large_image","twitter_misc":{"Tiempo de lectura":"5 minutos"},"schema":{"@context":"https:\/\/schema.org","@graph":[{"@type":"WebPage","@id":"https:\/\/quantumpak.us\/warranty\/","url":"https:\/\/quantumpak.us\/warranty\/","name":"Warranty - QuantumPak","isPartOf":{"@id":"https:\/\/quantumpak.us\/es\/#website"},"datePublished":"2024-06-07T15:54:13+00:00","dateModified":"2024-06-11T17:33:56+00:00","breadcrumb":{"@id":"https:\/\/quantumpak.us\/warranty\/#breadcrumb"},"inLanguage":"es","potentialAction":[{"@type":"ReadAction","target":["https:\/\/quantumpak.us\/warranty\/"]}]},{"@type":"BreadcrumbList","@id":"https:\/\/quantumpak.us\/warranty\/#breadcrumb","itemListElement":[{"@type":"ListItem","position":1,"name":"Home","item":"https:\/\/quantumpak.us\/"},{"@type":"ListItem","position":2,"name":"Warranty"}]},{"@type":"WebSite","@id":"https:\/\/quantumpak.us\/es\/#website","url":"https:\/\/quantumpak.us\/es\/","name":"QuantumPak","description":"Quality Bag Sealing Machinery","potentialAction":[{"@type":"SearchAction","target":{"@type":"EntryPoint","urlTemplate":"https:\/\/quantumpak.us\/es\/?s={search_term_string}"},"query-input":{"@type":"PropertyValueSpecification","valueRequired":true,"valueName":"search_term_string"}}],"inLanguage":"es"}]}},"_links":{"self":[{"href":"https:\/\/quantumpak.us\/es\/wp-json\/wp\/v2\/pages\/2851","targetHints":{"allow":["GET"]}}],"collection":[{"href":"https:\/\/quantumpak.us\/es\/wp-json\/wp\/v2\/pages"}],"about":[{"href":"https:\/\/quantumpak.us\/es\/wp-json\/wp\/v2\/types\/page"}],"author":[{"embeddable":true,"href":"https:\/\/quantumpak.us\/es\/wp-json\/wp\/v2\/users\/1"}],"replies":[{"embeddable":true,"href":"https:\/\/quantumpak.us\/es\/wp-json\/wp\/v2\/comments?post=2851"}],"version-history":[{"count":30,"href":"https:\/\/quantumpak.us\/es\/wp-json\/wp\/v2\/pages\/2851\/revisions"}],"predecessor-version":[{"id":2910,"href":"https:\/\/quantumpak.us\/es\/wp-json\/wp\/v2\/pages\/2851\/revisions\/2910"}],"wp:attachment":[{"href":"https:\/\/quantumpak.us\/es\/wp-json\/wp\/v2\/media?parent=2851"}],"curies":[{"name":"wp","href":"https:\/\/api.w.org\/{rel}","templated":true}]}}