{"id":2101,"date":"2022-05-01T17:47:50","date_gmt":"2022-05-01T22:47:50","guid":{"rendered":"https:\/\/quantumpak.us\/?page_id=2101"},"modified":"2022-05-01T17:51:44","modified_gmt":"2022-05-01T22:51:44","slug":"shipping-and-delivery-terms","status":"publish","type":"page","link":"https:\/\/quantumpak.us\/es\/shipping-and-delivery-terms\/","title":{"rendered":"T\u00e9rminos de Env\u00edo y Entrega"},"content":{"rendered":"<section id=\"bt_bb_section69f3fc8691427\" class=\"bt_bb_section bt_bb_layout_boxed_800 bt_bb_vertical_align_top bt_bb_top_spacing_medium\"  data-bt-override-class=\"null\"><div class=\"bt_bb_port\"><div class=\"bt_bb_cell\"><div class=\"bt_bb_cell_inner\"><div class=\"bt_bb_row\"  data-bt-override-class=\"{}\"><div class=\"bt_bb_row_holder\" ><div  class=\"bt_bb_column col-xxl-12 col-xl-12 col-xs-12 col-sm-12 col-md-12 col-lg-12 bt_bb_vertical_align_top bt_bb_align_left bt_bb_padding_normal\" style=\"; --column-width:12;\" data-width=\"12\" data-bt-override-class=\"{}\"><div class=\"bt_bb_column_content\"><div class=\"bt_bb_column_content_inner\"><div  class=\"bt_bb_text\" ><\/p>\n<p><em><span style=\"font-weight: 400;\">Last updated: March 21, 2022<\/span><\/em><\/p>\n<p>\n<\/div><div class=\"bt_bb_separator bt_bb_border_style_none bt_bb_top_spacing_10\" data-bt-override-class=\"null\"><\/div><div  class=\"bt_bb_text\" ><\/p>\n<h2>Env\u00edo<\/h2>\n<p>\n<\/div><div class=\"bt_bb_separator bt_bb_border_style_none bt_bb_bottom_spacing_10\" data-bt-override-class=\"null\"><\/div><div  class=\"bt_bb_text\" ><\/p>\n<p>The shipment schedule quoted is based upon conditions at the factor at the date of this Proposal, and is contingent upon Purchaser&#8217;s supplying all required technical information to Company when needed.<\/p>\n<p>\n<\/div><div class=\"bt_bb_separator bt_bb_border_style_none bt_bb_bottom_spacing_20\" data-bt-override-class=\"null\"><\/div><div  class=\"bt_bb_text\" ><\/p>\n<h2>Retrasos<\/h2>\n<p>\n<\/div><div class=\"bt_bb_separator bt_bb_border_style_none bt_bb_bottom_spacing_10\" data-bt-override-class=\"null\"><\/div><div  class=\"bt_bb_text\" ><\/p>\n<p>Si la compa\u00f1\u00eda sufre un retraso en el cumplimiento debido a cualquier causa fuera de su control, como caso fortuito, guerra, acto del Gobierno, acto del Comprador, prioridades o asignaciones, incendio, inundaci\u00f3n, huelga o problemas laborales, sabotaje, retraso en la obtenci\u00f3n de mano de obra, materiales, equipos o transporte, el tiempo de cumplimiento se extender\u00e1 por un per\u00edodo igual al per\u00edodo del retraso y sus consecuencias. En el caso de que la finalizaci\u00f3n de este contrato se retrase debido a una Emergencia Nacional, efecto directo o indirecto de guerra, Orden Ejecutiva de la Ley de Producci\u00f3n de Defensa de 1950 (o leyes y regulaciones sucesoras o de implementaci\u00f3n), o por un acto de Autoridad Civil o Militar, o por un acto del Comprador, el cumplimiento aqu\u00ed establecido se reanudar\u00e1 cuando se elimine la causa de dicho retraso, el precio y la pol\u00edtica de precios y el cronograma de entrega de la Compa\u00f1\u00eda vigentes en ese momento se aplicar\u00e1n a cualquier equipo o material del contrato y a cualquier trabajo de instalaci\u00f3n no realizado (sin exceder, sin embargo, cualquier l\u00edmite de precio legal vigente al momento del env\u00edo), a menos que, dentro de los treinta (30) d\u00edas posteriores a la notificaci\u00f3n de la Compa\u00f1\u00eda del precio y la pol\u00edtica de precios y el calendario de entrega aplicables, el Comprador opte por cancelar el contrato y as\u00ed lo notifique por escrito a la Compa\u00f1\u00eda, en cuyo caso el Comprador deber\u00e1 pagar cargos de cancelaci\u00f3n razonables y apropiados a la Compa\u00f1\u00eda.<\/p>\n<p>\n<\/div><div class=\"bt_bb_separator bt_bb_border_style_none bt_bb_bottom_spacing_20\" data-bt-override-class=\"null\"><\/div><div  class=\"bt_bb_text\" ><\/p>\n<h2>Entregas<\/h2>\n<p>\n<\/div><div class=\"bt_bb_separator bt_bb_border_style_none bt_bb_bottom_spacing_10\" data-bt-override-class=\"null\"><\/div><div  class=\"bt_bb_text\" ><\/p>\n<p>Las entregas cotizadas son la mejor estimaci\u00f3n de la Compa\u00f1\u00eda al momento de la cotizaci\u00f3n. Pueden variar debido a una afluencia de pedidos, demoras de proveedores, huelgas, actos de la naturaleza u otras causas fuera del control de la Compa\u00f1\u00eda. La Compa\u00f1\u00eda har\u00e1 todos los esfuerzos razonables para cumplir o superar la entrega cotizada. La Compa\u00f1\u00eda no ser\u00e1 responsable de ning\u00fan gasto o cargo debido a la entrega tard\u00eda por cualquier motivo. La entrega se considera cuando las mercanc\u00edas son entregadas a la empresa de transporte. Las entregas normalmente se cotizan A.R.O. (despu\u00e9s de la recepci\u00f3n de los planos aprobados), lo que significa planos de aprobaci\u00f3n firmados sin cambios recibidos en la Compa\u00f1\u00eda. Todos los pedidos est\u00e1n programados para enviarse durante una semana en particular. La Compa\u00f1\u00eda no estar\u00e1 obligada a enviar en un d\u00eda en particular.<\/p>\n<p>\n<\/div><div class=\"bt_bb_separator bt_bb_border_style_none bt_bb_bottom_spacing_20\" data-bt-override-class=\"null\"><\/div><div class=\"bt_bb_separator bt_bb_border_style_none bt_bb_bottom_spacing_10\" data-bt-override-class=\"null\"><\/div><\/div><\/div><\/div><\/div><\/div><\/div><!-- cell_inner --><\/div><!-- cell --><\/div><!-- port --><\/section>","protected":false},"excerpt":{"rendered":"<p>QuantumPak offer best-in-industry warranty<\/p>","protected":false},"author":1,"featured_media":0,"parent":0,"menu_order":0,"comment_status":"closed","ping_status":"closed","template":"","meta":{"footnotes":""},"class_list":["post-2101","page","type-page","status-publish","hentry"],"yoast_head":"<!-- This site is optimized with the Yoast SEO plugin v27.5 - https:\/\/yoast.com\/product\/yoast-seo-wordpress\/ -->\n<title>Shipping and Delivery Terms - QuantumPak<\/title>\n<meta name=\"robots\" content=\"index, follow, max-snippet:-1, max-image-preview:large, max-video-preview:-1\" \/>\n<link rel=\"canonical\" href=\"https:\/\/quantumpak.us\/es\/shipping-and-delivery-terms\/\" \/>\n<meta property=\"og:locale\" content=\"es_ES\" \/>\n<meta property=\"og:type\" content=\"article\" \/>\n<meta property=\"og:title\" content=\"Shipping and Delivery Terms - QuantumPak\" \/>\n<meta property=\"og:description\" content=\"QuantumPak offer best-in-industry warranty\" \/>\n<meta property=\"og:url\" content=\"https:\/\/quantumpak.us\/es\/shipping-and-delivery-terms\/\" \/>\n<meta property=\"og:site_name\" content=\"QuantumPak\" \/>\n<meta property=\"article:modified_time\" content=\"2022-05-01T22:51:44+00:00\" \/>\n<meta name=\"twitter:card\" content=\"summary_large_image\" \/>\n<meta name=\"twitter:label1\" content=\"Tiempo de lectura\" \/>\n\t<meta name=\"twitter:data1\" content=\"4 minutos\" \/>\n<script type=\"application\/ld+json\" class=\"yoast-schema-graph\">{\"@context\":\"https:\\\/\\\/schema.org\",\"@graph\":[{\"@type\":\"WebPage\",\"@id\":\"https:\\\/\\\/quantumpak.us\\\/shipping-and-delivery-terms\\\/\",\"url\":\"https:\\\/\\\/quantumpak.us\\\/shipping-and-delivery-terms\\\/\",\"name\":\"Shipping and Delivery Terms - QuantumPak\",\"isPartOf\":{\"@id\":\"https:\\\/\\\/quantumpak.us\\\/es\\\/#website\"},\"datePublished\":\"2022-05-01T22:47:50+00:00\",\"dateModified\":\"2022-05-01T22:51:44+00:00\",\"breadcrumb\":{\"@id\":\"https:\\\/\\\/quantumpak.us\\\/shipping-and-delivery-terms\\\/#breadcrumb\"},\"inLanguage\":\"es\",\"potentialAction\":[{\"@type\":\"ReadAction\",\"target\":[\"https:\\\/\\\/quantumpak.us\\\/shipping-and-delivery-terms\\\/\"]}]},{\"@type\":\"BreadcrumbList\",\"@id\":\"https:\\\/\\\/quantumpak.us\\\/shipping-and-delivery-terms\\\/#breadcrumb\",\"itemListElement\":[{\"@type\":\"ListItem\",\"position\":1,\"name\":\"Home\",\"item\":\"https:\\\/\\\/quantumpak.us\\\/\"},{\"@type\":\"ListItem\",\"position\":2,\"name\":\"Shipping and Delivery Terms\"}]},{\"@type\":\"WebSite\",\"@id\":\"https:\\\/\\\/quantumpak.us\\\/es\\\/#website\",\"url\":\"https:\\\/\\\/quantumpak.us\\\/es\\\/\",\"name\":\"QuantumPak\",\"description\":\"Quality Bag Sealing Machinery\",\"potentialAction\":[{\"@type\":\"SearchAction\",\"target\":{\"@type\":\"EntryPoint\",\"urlTemplate\":\"https:\\\/\\\/quantumpak.us\\\/es\\\/?s={search_term_string}\"},\"query-input\":{\"@type\":\"PropertyValueSpecification\",\"valueRequired\":true,\"valueName\":\"search_term_string\"}}],\"inLanguage\":\"es\"}]}<\/script>\n<!-- \/ Yoast SEO plugin. -->","yoast_head_json":{"title":"Shipping and Delivery Terms - QuantumPak","robots":{"index":"index","follow":"follow","max-snippet":"max-snippet:-1","max-image-preview":"max-image-preview:large","max-video-preview":"max-video-preview:-1"},"canonical":"https:\/\/quantumpak.us\/es\/shipping-and-delivery-terms\/","og_locale":"es_ES","og_type":"article","og_title":"Shipping and Delivery Terms - QuantumPak","og_description":"QuantumPak offer best-in-industry warranty","og_url":"https:\/\/quantumpak.us\/es\/shipping-and-delivery-terms\/","og_site_name":"QuantumPak","article_modified_time":"2022-05-01T22:51:44+00:00","twitter_card":"summary_large_image","twitter_misc":{"Tiempo de lectura":"4 minutos"},"schema":{"@context":"https:\/\/schema.org","@graph":[{"@type":"WebPage","@id":"https:\/\/quantumpak.us\/shipping-and-delivery-terms\/","url":"https:\/\/quantumpak.us\/shipping-and-delivery-terms\/","name":"Shipping and Delivery Terms - QuantumPak","isPartOf":{"@id":"https:\/\/quantumpak.us\/es\/#website"},"datePublished":"2022-05-01T22:47:50+00:00","dateModified":"2022-05-01T22:51:44+00:00","breadcrumb":{"@id":"https:\/\/quantumpak.us\/shipping-and-delivery-terms\/#breadcrumb"},"inLanguage":"es","potentialAction":[{"@type":"ReadAction","target":["https:\/\/quantumpak.us\/shipping-and-delivery-terms\/"]}]},{"@type":"BreadcrumbList","@id":"https:\/\/quantumpak.us\/shipping-and-delivery-terms\/#breadcrumb","itemListElement":[{"@type":"ListItem","position":1,"name":"Home","item":"https:\/\/quantumpak.us\/"},{"@type":"ListItem","position":2,"name":"Shipping and Delivery Terms"}]},{"@type":"WebSite","@id":"https:\/\/quantumpak.us\/es\/#website","url":"https:\/\/quantumpak.us\/es\/","name":"QuantumPak","description":"Quality Bag Sealing Machinery","potentialAction":[{"@type":"SearchAction","target":{"@type":"EntryPoint","urlTemplate":"https:\/\/quantumpak.us\/es\/?s={search_term_string}"},"query-input":{"@type":"PropertyValueSpecification","valueRequired":true,"valueName":"search_term_string"}}],"inLanguage":"es"}]}},"_links":{"self":[{"href":"https:\/\/quantumpak.us\/es\/wp-json\/wp\/v2\/pages\/2101","targetHints":{"allow":["GET"]}}],"collection":[{"href":"https:\/\/quantumpak.us\/es\/wp-json\/wp\/v2\/pages"}],"about":[{"href":"https:\/\/quantumpak.us\/es\/wp-json\/wp\/v2\/types\/page"}],"author":[{"embeddable":true,"href":"https:\/\/quantumpak.us\/es\/wp-json\/wp\/v2\/users\/1"}],"replies":[{"embeddable":true,"href":"https:\/\/quantumpak.us\/es\/wp-json\/wp\/v2\/comments?post=2101"}],"version-history":[{"count":2,"href":"https:\/\/quantumpak.us\/es\/wp-json\/wp\/v2\/pages\/2101\/revisions"}],"predecessor-version":[{"id":2103,"href":"https:\/\/quantumpak.us\/es\/wp-json\/wp\/v2\/pages\/2101\/revisions\/2103"}],"wp:attachment":[{"href":"https:\/\/quantumpak.us\/es\/wp-json\/wp\/v2\/media?parent=2101"}],"curies":[{"name":"wp","href":"https:\/\/api.w.org\/{rel}","templated":true}]}}